{"id":4143,"date":"2023-04-01T15:17:21","date_gmt":"2023-04-01T13:17:21","guid":{"rendered":"http:\/\/fajnewakacjezgenezaret.pl\/?page_id=4143"},"modified":"2026-03-16T21:27:56","modified_gmt":"2026-03-16T20:27:56","slug":"karczowiska","status":"publish","type":"page","link":"http:\/\/fajnewakacjezgenezaret.pl\/index.php\/karczowiska\/","title":{"rendered":"Karczowiska"},"content":{"rendered":"<p>[vc_row][vc_column width=&#8221;1\/2&#8243;][vc_column_text]<strong>Koordynatorzy wyjazdu<\/strong><\/p>\n<p>S\u0141AWEK, ILONA<br \/>\ntel. 785 414 214<\/p>\n<p>e-mail:<a href=\"mailto:ilona.gran@gmail.com\"> ilona.gran@gmail.com<\/a>[\/vc_column_text][\/vc_column][vc_column width=&#8221;1\/2&#8243; css=&#8221;.vc_custom_1773692270239{margin-top: 25px !important;}&#8221;][vc_btn title=&#8221;ZAPISY ONLINE&#8221; style=&#8221;3d&#8221; color=&#8221;danger&#8221; size=&#8221;lg&#8221; align=&#8221;center&#8221; i_icon_fontawesome=&#8221;fas fa-umbrella-beach&#8221; add_icon=&#8221;true&#8221; link=&#8221;url:https%3A%2F%2Fforms.gle%2FDiHKJFd6JpTdpLsL8|title:ZAPISY%20ONLINE|target:%20_blank|&#8221;][\/vc_column][\/vc_row][vc_row][vc_column][vc_toggle title=&#8221;WWW Karczowiska 2026- najwa\u017cniejsze informacje&#8221; style=&#8221;round&#8221;]<\/p>\n<h4><strong>Hotel *** Chata Karczowiska<\/strong><br \/>\n<strong>Karczowiska 4, 59-307 Karczowiska<\/strong><\/h4>\n<p>[\/vc_toggle][vc_raw_html]JTNDaWZyYW1lJTIwc3JjJTNEJTIyaHR0cHMlM0ElMkYlMkZ3d3cuZ29vZ2xlLmNvbSUyRm1hcHMlMkZlbWJlZCUzRnBiJTNEJTIxMW0xOCUyMTFtMTIlMjExbTMlMjExZDcwNTQuNzE4OTIxMzA0MDA0JTIxMmQxNi4xNTg0MjM2NTkyOTk3JTIxM2Q1MS4zMDcwODA0NDk5Njg5NyUyMTJtMyUyMTFmMCUyMTJmMCUyMTNmMCUyMTNtMiUyMTFpMTAyNCUyMTJpNzY4JTIxNGYxMy4xJTIxM20zJTIxMW0yJTIxMXMweDQ3MGY2YzM3MjI2OTc3YWYlMjUzQTB4YzU5MDcwMWJjNmYwZjY4MyUyMTJzSG90ZWwlMjUyMC0lMjUyMFJlc3RhdXJhY2phJTI1MjBDaGF0YSUyNTIwS2FyY3pvd2lza2ElMjE1ZTAlMjEzbTIlMjExc3BsJTIxMnNwbCUyMTR2MTc2NzUxOTM1MzA1NiUyMTVtMiUyMTFzcGwlMjEyc3BsJTIyJTIwd2lkdGglM0QlMjI2MDAlMjIlMjBoZWlnaHQlM0QlMjI0NTAlMjIlMjBzdHlsZSUzRCUyMmJvcmRlciUzQTAlM0IlMjIlMjBhbGxvd2Z1bGxzY3JlZW4lM0QlMjIlMjIlMjBsb2FkaW5nJTNEJTIybGF6eSUyMiUyMHJlZmVycmVycG9saWN5JTNEJTIybm8tcmVmZXJyZXItd2hlbi1kb3duZ3JhZGUlMjIlM0UlM0MlMkZpZnJhbWUlM0U=[\/vc_raw_html][\/vc_column][\/vc_row][vc_row][vc_column][vc_column_text]Miejsce naszego pobytu to miejscowo\u015b\u0107 otoczona malowniczymi lasami.<\/p>\n<p>W najbli\u017cszej okolicy czekaj\u0105 na nas:<br \/>\n\u2022 urokliwe, \u015bredniowieczne miasta I miasteczka, pe\u0142ne bogatej historii I klimatycznych uliczek<br \/>\n\u2022 zabytkowe pa\u0142ace, zamki I ko\u015bcio\u0142y, zapraszaj\u0105ce do odkrywania przesz\u0142o\u015bci<br \/>\n\u2022 miejsca zapewniaj\u0105ce aktywny wypoczynek \u2013 baseny, korty, strzelnica, park linowy \u2026<br \/>\n\u2022 natura w pe\u0142nej harmonii z miastem &#8211; parki, ogrody zoologiczne, palmiarnia.<\/p>\n<p>Miejsca, kt\u00f3re \u0142\u0105cz\u0105 tradycj\u0119 z nowoczesno\u015bci\u0105, gdzie historia spotyka si\u0119 z dynamicznie rozwijaj\u0105cym si\u0119 regionem.<\/p>\n<p>Hotel *** Chata Karczowiska<br \/>\nKarczowiska 4, 59-307 Karczowiska<\/p>\n<p><a href=\"https:\/\/karczowiska.pl\/\" target=\"_blank\" rel=\"noopener\">https:\/\/karczowiska.pl\/<\/a>[\/vc_column_text][\/vc_column][\/vc_row][vc_row][vc_column][vc_btn title=&#8221;POBIERZ ULOTK\u0118&#8221; color=&#8221;sky&#8221; link=&#8221;url:https%3A%2F%2Ffajnewakacjezgenezaret.pl%2Fwp-content%2Fuploads%2F2026%2F01%2FKarczowiska-A5.pdf|title:POBIERZ%20ULOTK%C4%98|target:%20_blank|&#8221;][\/vc_column][\/vc_row][vc_row][vc_column][\/vc_column][\/vc_row]<\/p>\n","protected":false},"excerpt":{"rendered":"<p>[vc_row][vc_column width=&#8221;1\/2&#8243;][vc_column_text]Koordynatorzy wyjazdu S\u0141AWEK, ILONA tel. 785 414 214 e-mail: ilona.gran@gmail.com[\/vc_column_text][\/vc_column][vc_column width=&#8221;1\/2&#8243; css=&#8221;.vc_custom_1773692270239{margin-top: 25px !important;}&#8221;][vc_btn title=&#8221;ZAPISY ONLINE&#8221; style=&#8221;3d&#8221; color=&#8221;danger&#8221; size=&#8221;lg&#8221;&#8230;<\/p>\n","protected":false},"author":1,"featured_media":0,"parent":0,"menu_order":0,"comment_status":"closed","ping_status":"closed","template":"","meta":{"footnotes":""},"class_list":["post-4143","page","type-page","status-publish","hentry"],"_links":{"self":[{"href":"http:\/\/fajnewakacjezgenezaret.pl\/index.php\/wp-json\/wp\/v2\/pages\/4143","targetHints":{"allow":["GET"]}}],"collection":[{"href":"http:\/\/fajnewakacjezgenezaret.pl\/index.php\/wp-json\/wp\/v2\/pages"}],"about":[{"href":"http:\/\/fajnewakacjezgenezaret.pl\/index.php\/wp-json\/wp\/v2\/types\/page"}],"author":[{"embeddable":true,"href":"http:\/\/fajnewakacjezgenezaret.pl\/index.php\/wp-json\/wp\/v2\/users\/1"}],"replies":[{"embeddable":true,"href":"http:\/\/fajnewakacjezgenezaret.pl\/index.php\/wp-json\/wp\/v2\/comments?post=4143"}],"version-history":[{"count":44,"href":"http:\/\/fajnewakacjezgenezaret.pl\/index.php\/wp-json\/wp\/v2\/pages\/4143\/revisions"}],"predecessor-version":[{"id":4507,"href":"http:\/\/fajnewakacjezgenezaret.pl\/index.php\/wp-json\/wp\/v2\/pages\/4143\/revisions\/4507"}],"wp:attachment":[{"href":"http:\/\/fajnewakacjezgenezaret.pl\/index.php\/wp-json\/wp\/v2\/media?parent=4143"}],"curies":[{"name":"wp","href":"https:\/\/api.w.org\/{rel}","templated":true}]}}